{"id":77,"date":"2021-01-27T09:03:47","date_gmt":"2021-01-27T09:03:47","guid":{"rendered":"http:\/\/www.hdaksu.com\/blog\/"},"modified":"2021-01-27T09:03:47","modified_gmt":"2021-01-27T09:03:47","slug":"blog","status":"publish","type":"page","link":"https:\/\/www.hdaksu.com\/en\/blog\/","title":{"rendered":"Blog"},"content":{"rendered":"<div data-elementor-type=\"wp-page\" data-elementor-id=\"77\" class=\"elementor elementor-77\">\n\t\t\t\t\t\t<div class=\"elementor-inner\">\n\t\t\t\t<div class=\"elementor-section-wrap\">\n\t\t\t\t\t\t\t\t\t<section class=\"elementor-section elementor-top-section elementor-element elementor-element-f56beae elementor-section-boxed elementor-section-height-default elementor-section-height-default\" data-id=\"f56beae\" data-element_type=\"section\">\n\t\t\t\t\t\t<div class=\"elementor-container elementor-column-gap-no\">\n\t\t\t\t\t\t\t<div class=\"elementor-row\">\n\t\t\t\t\t<div class=\"aux-parallax-section elementor-column elementor-col-100 elementor-top-column elementor-element elementor-element-179fc63\" data-id=\"179fc63\" data-element_type=\"column\">\n\t\t\t<div class=\"elementor-column-wrap elementor-element-populated\">\n\t\t\t\t\t\t\t<div class=\"elementor-widget-wrap\">\n\t\t\t\t\t\t<div class=\"elementor-element elementor-element-130f842 aux-appear-watch-animation aux-fade-in-up elementor-widget elementor-widget-aux_recent_posts\" data-id=\"130f842\" data-element_type=\"widget\" data-settings=\"{&quot;columns&quot;:&quot;3&quot;,&quot;columns_tablet&quot;:&quot;2&quot;,&quot;columns_mobile&quot;:&quot;1&quot;}\" data-widget_type=\"aux_recent_posts.default\">\n\t\t\t\t<div class=\"elementor-widget-container\">\n\t\t\t<section class=\"widget-container aux-widget-recent-posts aux-parent-au59a43300\"><div data-element-id=\"au59a43300\" class=\"aux-match-height aux-row aux-de-col3 aux-tb-col2 aux-mb-col1 aux-total-5 aux-ajax-view\"><div class=\"aux-col post-400\">\n                        <article class=\"post column-entry post-400 type-post status-publish format-standard has-post-thumbnail hentry category-haberler tag-haberler\">\n                                                        <div class=\"entry-media\"><div class=\"aux-media-frame aux-media-image aux-image-mask\"><a href=\"https:\/\/www.hdaksu.com\/en\/expomed-saglik-medikal-ve-tibbi-cihaz-fuarina-katildik\/\"><img decoding=\"async\" loading=\"lazy\" width=\"475\" height=\"394\" src=\"data:image\/gif;base64,R0lGODlhAQABAIAAAAAAAP\/\/\/yH5BAEAAAAALAAAAAABAAEAAAIBRAA7\" class=\"aux-attachment aux-featured-image attachment-475x394.73333333333 aux-attachment-id-384  aux-preload aux-blank\" alt=\"thumbnail_1925\" data-ratio=\"1.61\" data-original-w=\"475\" sizes=\"auto\" data-srcset=\"https:\/\/www.hdaksu.com\/wp-content\/uploads\/2023\/01\/thumbnail_1925-e1673113866363-150x93.jpeg 150w,https:\/\/www.hdaksu.com\/wp-content\/uploads\/2023\/01\/thumbnail_1925-e1673113866363-300x186.jpeg 300w,https:\/\/www.hdaksu.com\/wp-content\/uploads\/2023\/01\/thumbnail_1925-e1673113866363-637x395.jpeg 475w,https:\/\/www.hdaksu.com\/wp-content\/uploads\/2023\/01\/thumbnail_1925-e1673113866363-465x288.jpeg 465w\" data-src=\"https:\/\/www.hdaksu.com\/wp-content\/uploads\/2023\/01\/thumbnail_1925-e1673113866363-637x395.jpeg\" \/><\/a><\/div><\/div>\n                            \n                            <div class=\"entry-main\">\n                                                                                        \n                                <div class=\"entry-info\">\n                                                                    <div class=\"entry-date\">\n                                        <a href=\"https:\/\/www.hdaksu.com\/en\/expomed-saglik-medikal-ve-tibbi-cihaz-fuarina-katildik\/\">\n                                            <time datetime=\"2018-06-07T17:53:03+00:00\" title=\"2018-06-07T17:53:03+00:00\" >June 7, 2018<\/time>\n                                        <\/a>\n                                    <\/div>\n                                                                                                                                    <span class=\"entry-tax\">\n                                        <a href=\"https:\/\/www.hdaksu.com\/en\/category\/haberler\/\" title=\"View all posts in Haberler\" rel=\"category\" data-no-translation-title=\"\" >News<\/a>                                    <\/span>\n                                                                                                                                            <\/div>\n                            \n                                <header class=\"entry-header\">\n                                \n                                    <h4 class=\"entry-title\">\n                                        <a href=\"https:\/\/www.hdaksu.com\/en\/expomed-saglik-medikal-ve-tibbi-cihaz-fuarina-katildik\/\">\n                                            We Attended Expomed Health, Medical and Medical Devices Fair                                        <\/a>\n                                    <\/h4>\n                                                                    <div class=\"entry-format\">\n                                        <a href=\"https:\/\/www.hdaksu.com\/en\/expomed-saglik-medikal-ve-tibbi-cihaz-fuarina-katildik\/\">\n                                            <div class=\"post-format format-\"> <\/div>\n                                        <\/a>\n                                    <\/div>\n                                <\/header>\n                            \n                                                            <div class=\"entry-content\">\n                                                                            <p>We Attended the 25th Expomed\u00a0Health, Medical and Medical Devices Fair, where Istanbul T\u00fcyap Fair and Congress Center was held on March 22-25, 2018...<\/p><div class=\"clear\"><\/div>                                <\/div>\n                                                                                        <footer class=\"entry-meta aux-after-content\">\n                                                                        <div class=\"readmore\">\n                                        <a href=\"https:\/\/www.hdaksu.com\/en\/expomed-saglik-medikal-ve-tibbi-cihaz-fuarina-katildik\/\" class=\"aux-read-more\"><span class=\"aux-read-more-text\">Read More<\/span><\/a>\n                                    <\/div>\n                                                                        <div class=\"comments-iconic\">\n                                                                            <\/div>\n                                                                    <\/footer>\n                            \n                            <\/div>\n\n                        <\/article>\n<\/div><div class=\"aux-col post-382\">\n                        <article class=\"post column-entry post-382 type-post status-publish format-standard has-post-thumbnail hentry category-haberler tag-haberler\">\n                                                        <div class=\"entry-media\"><div class=\"aux-media-frame aux-media-image aux-image-mask\"><a href=\"https:\/\/www.hdaksu.com\/en\/v-ureme-tibbi-ve-cerrahisi-dernegi-kongresine-katildik\/\"><img decoding=\"async\" loading=\"lazy\" width=\"636\" height=\"394\" src=\"data:image\/gif;base64,R0lGODlhAQABAIAAAAAAAP\/\/\/yH5BAEAAAAALAAAAAABAAEAAAIBRAA7\" class=\"aux-attachment aux-featured-image attachment-636.66666666667x394.73333333333 aux-attachment-id-389  aux-preload aux-blank\" alt=\"v. \u00fcreme\" data-ratio=\"1.61\" data-original-w=\"731\" sizes=\"auto\" data-srcset=\"https:\/\/www.hdaksu.com\/wp-content\/uploads\/2023\/01\/v.-ureme-150x93.jpeg 150w,https:\/\/www.hdaksu.com\/wp-content\/uploads\/2023\/01\/v.-ureme-300x186.jpeg 300w,https:\/\/www.hdaksu.com\/wp-content\/uploads\/2023\/01\/v.-ureme-637x395.jpeg 637w,https:\/\/www.hdaksu.com\/wp-content\/uploads\/2023\/01\/v.-ureme-721x447.jpeg 721w\" data-src=\"https:\/\/www.hdaksu.com\/wp-content\/uploads\/2023\/01\/v.-ureme-637x395.jpeg\" \/><\/a><\/div><\/div>\n                            \n                            <div class=\"entry-main\">\n                                                                                        \n                                <div class=\"entry-info\">\n                                                                    <div class=\"entry-date\">\n                                        <a href=\"https:\/\/www.hdaksu.com\/en\/v-ureme-tibbi-ve-cerrahisi-dernegi-kongresine-katildik\/\">\n                                            <time datetime=\"2017-06-07T17:46:08+00:00\" title=\"2017-06-07T17:46:08+00:00\" >June 7, 2017<\/time>\n                                        <\/a>\n                                    <\/div>\n                                                                                                                                    <span class=\"entry-tax\">\n                                        <a href=\"https:\/\/www.hdaksu.com\/en\/category\/haberler\/\" title=\"View all posts in Haberler\" rel=\"category\" data-no-translation-title=\"\" >News<\/a>                                    <\/span>\n                                                                                                                                            <\/div>\n                            \n                                <header class=\"entry-header\">\n                                \n                                    <h4 class=\"entry-title\">\n                                        <a href=\"https:\/\/www.hdaksu.com\/en\/v-ureme-tibbi-ve-cerrahisi-dernegi-kongresine-katildik\/\">\n                                            We attended the 5th Reproductive Medicine and Surgery Association Congress                                        <\/a>\n                                    <\/h4>\n                                                                    <div class=\"entry-format\">\n                                        <a href=\"https:\/\/www.hdaksu.com\/en\/v-ureme-tibbi-ve-cerrahisi-dernegi-kongresine-katildik\/\">\n                                            <div class=\"post-format format-\"> <\/div>\n                                        <\/a>\n                                    <\/div>\n                                <\/header>\n                            \n                                                            <div class=\"entry-content\">\n                                                                            <p>We attended the 5th Reproductive Medicine and Surgery Association Congress held in Antalya between 28-31 October 2015. The first day of the congress was organized by our company...<\/p><div class=\"clear\"><\/div>                                <\/div>\n                                                                                        <footer class=\"entry-meta aux-after-content\">\n                                                                        <div class=\"readmore\">\n                                        <a href=\"https:\/\/www.hdaksu.com\/en\/v-ureme-tibbi-ve-cerrahisi-dernegi-kongresine-katildik\/\" class=\"aux-read-more\"><span class=\"aux-read-more-text\">Read More<\/span><\/a>\n                                    <\/div>\n                                                                        <div class=\"comments-iconic\">\n                                                                            <\/div>\n                                                                    <\/footer>\n                            \n                            <\/div>\n\n                        <\/article>\n<\/div><div class=\"aux-col post-392\">\n                        <article class=\"post column-entry post-392 type-post status-publish format-standard has-post-thumbnail hentry category-haberler\">\n                                                        <div class=\"entry-media\"><div class=\"aux-media-frame aux-media-image aux-image-mask\"><a href=\"https:\/\/www.hdaksu.com\/en\/xiv-msrm-kongresine-katildik\/\"><img decoding=\"async\" loading=\"lazy\" width=\"636\" height=\"394\" src=\"data:image\/gif;base64,R0lGODlhAQABAIAAAAAAAP\/\/\/yH5BAEAAAAALAAAAAABAAEAAAIBRAA7\" class=\"aux-attachment aux-featured-image attachment-636.66666666667x394.73333333333 aux-attachment-id-385  aux-preload aux-blank\" alt=\"thumbnail_10422\" data-ratio=\"1.61\" data-original-w=\"732\" sizes=\"auto\" data-srcset=\"https:\/\/www.hdaksu.com\/wp-content\/uploads\/2023\/01\/thumbnail_10422-150x93.jpeg 150w,https:\/\/www.hdaksu.com\/wp-content\/uploads\/2023\/01\/thumbnail_10422-300x186.jpeg 300w,https:\/\/www.hdaksu.com\/wp-content\/uploads\/2023\/01\/thumbnail_10422-637x395.jpeg 637w,https:\/\/www.hdaksu.com\/wp-content\/uploads\/2023\/01\/thumbnail_10422-722x447.jpeg 722w\" data-src=\"https:\/\/www.hdaksu.com\/wp-content\/uploads\/2023\/01\/thumbnail_10422-637x395.jpeg\" \/><\/a><\/div><\/div>\n                            \n                            <div class=\"entry-main\">\n                                                                                        \n                                <div class=\"entry-info\">\n                                                                    <div class=\"entry-date\">\n                                        <a href=\"https:\/\/www.hdaksu.com\/en\/xiv-msrm-kongresine-katildik\/\">\n                                            <time datetime=\"2016-03-07T17:48:24+00:00\" title=\"2016-03-07T17:48:24+00:00\" >March 7, 2016<\/time>\n                                        <\/a>\n                                    <\/div>\n                                                                                                                                    <span class=\"entry-tax\">\n                                        <a href=\"https:\/\/www.hdaksu.com\/en\/category\/haberler\/\" title=\"View all posts in Haberler\" rel=\"category\" data-no-translation-title=\"\" >News<\/a>                                    <\/span>\n                                                                                                                                            <\/div>\n                            \n                                <header class=\"entry-header\">\n                                \n                                    <h4 class=\"entry-title\">\n                                        <a href=\"https:\/\/www.hdaksu.com\/en\/xiv-msrm-kongresine-katildik\/\">\n                                            XIV. We Attended MSRM Congress                                        <\/a>\n                                    <\/h4>\n                                                                    <div class=\"entry-format\">\n                                        <a href=\"https:\/\/www.hdaksu.com\/en\/xiv-msrm-kongresine-katildik\/\">\n                                            <div class=\"post-format format-\"> <\/div>\n                                        <\/a>\n                                    <\/div>\n                                <\/header>\n                            \n                                                            <div class=\"entry-content\">\n                                                                            <p>\r\n\r\n\r\n\r\n\r\n\r\n\r\n\r\nDistributor at the 14th\u00a0Annual Meeting of the Mediterranean Society for Reproductive Medicine (MSRM) Congress held in \u0130zmir \u00c7e\u015fme Sheraton Hotel...<\/p><div class=\"clear\"><\/div>                                <\/div>\n                                                                                        <footer class=\"entry-meta aux-after-content\">\n                                                                        <div class=\"readmore\">\n                                        <a href=\"https:\/\/www.hdaksu.com\/en\/xiv-msrm-kongresine-katildik\/\" class=\"aux-read-more\"><span class=\"aux-read-more-text\">Read More<\/span><\/a>\n                                    <\/div>\n                                                                        <div class=\"comments-iconic\">\n                                                                            <\/div>\n                                                                    <\/footer>\n                            \n                            <\/div>\n\n                        <\/article>\n<\/div><div class=\"aux-col post-396\">\n                        <article class=\"post column-entry post-396 type-post status-publish format-standard has-post-thumbnail hentry category-haberler tag-haberler\">\n                                                        <div class=\"entry-media\"><div class=\"aux-media-frame aux-media-image aux-image-mask\"><a href=\"https:\/\/www.hdaksu.com\/en\/eshre-kongresine-katildik\/\"><img decoding=\"async\" loading=\"lazy\" width=\"475\" height=\"394\" src=\"data:image\/gif;base64,R0lGODlhAQABAIAAAAAAAP\/\/\/yH5BAEAAAAALAAAAAABAAEAAAIBRAA7\" class=\"aux-attachment aux-featured-image attachment-475x394.73333333333 aux-attachment-id-383  aux-preload aux-blank\" alt=\"eshre_2017\" data-ratio=\"1.61\" data-original-w=\"475\" sizes=\"auto\" data-srcset=\"https:\/\/www.hdaksu.com\/wp-content\/uploads\/2023\/01\/eshre_2017-e1673113927312-150x93.jpeg 150w,https:\/\/www.hdaksu.com\/wp-content\/uploads\/2023\/01\/eshre_2017-e1673113927312-300x186.jpeg 300w,https:\/\/www.hdaksu.com\/wp-content\/uploads\/2023\/01\/eshre_2017-e1673113927312-637x395.jpeg 475w,https:\/\/www.hdaksu.com\/wp-content\/uploads\/2023\/01\/eshre_2017-e1673113927312-465x288.jpeg 465w\" data-src=\"https:\/\/www.hdaksu.com\/wp-content\/uploads\/2023\/01\/eshre_2017-e1673113927312-637x395.jpeg\" \/><\/a><\/div><\/div>\n                            \n                            <div class=\"entry-main\">\n                                                                                        \n                                <div class=\"entry-info\">\n                                                                    <div class=\"entry-date\">\n                                        <a href=\"https:\/\/www.hdaksu.com\/en\/eshre-kongresine-katildik\/\">\n                                            <time datetime=\"2016-03-01T17:51:17+00:00\" title=\"2016-03-01T17:51:17+00:00\" >March 1, 2016<\/time>\n                                        <\/a>\n                                    <\/div>\n                                                                                                                                    <span class=\"entry-tax\">\n                                        <a href=\"https:\/\/www.hdaksu.com\/en\/category\/haberler\/\" title=\"View all posts in Haberler\" rel=\"category\" data-no-translation-title=\"\" >News<\/a>                                    <\/span>\n                                                                                                                                            <\/div>\n                            \n                                <header class=\"entry-header\">\n                                \n                                    <h4 class=\"entry-title\">\n                                        <a href=\"https:\/\/www.hdaksu.com\/en\/eshre-kongresine-katildik\/\">\n                                            ESHRE Kongresine kat\u0131ld\u0131k                                        <\/a>\n                                    <\/h4>\n                                                                    <div class=\"entry-format\">\n                                        <a href=\"https:\/\/www.hdaksu.com\/en\/eshre-kongresine-katildik\/\">\n                                            <div class=\"post-format format-\"> <\/div>\n                                        <\/a>\n                                    <\/div>\n                                <\/header>\n                            \n                                                            <div class=\"entry-content\">\n                                                                            <p>Cenevrede d\u00fczenlenen 33. ESHRE Kongresine kat\u0131ld\u0131k....<\/p><div class=\"clear\"><\/div>                                <\/div>\n                                                                                        <footer class=\"entry-meta aux-after-content\">\n                                                                        <div class=\"readmore\">\n                                        <a href=\"https:\/\/www.hdaksu.com\/en\/eshre-kongresine-katildik\/\" class=\"aux-read-more\"><span class=\"aux-read-more-text\">Read More<\/span><\/a>\n                                    <\/div>\n                                                                        <div class=\"comments-iconic\">\n                                                                            <\/div>\n                                                                    <\/footer>\n                            \n                            <\/div>\n\n                        <\/article>\n<\/div><div class=\"aux-col post-394\">\n                        <article class=\"post column-entry post-394 type-post status-publish format-standard has-post-thumbnail hentry category-haberler tag-haberler\">\n                                                        <div class=\"entry-media\"><div class=\"aux-media-frame aux-media-image aux-image-mask\"><a href=\"https:\/\/www.hdaksu.com\/en\/sinapi-biomedical-urunleri-ile-ilgili-egitim-calismalari-yapildi\/\"><img decoding=\"async\" loading=\"lazy\" width=\"636\" height=\"394\" src=\"data:image\/gif;base64,R0lGODlhAQABAIAAAAAAAP\/\/\/yH5BAEAAAAALAAAAAABAAEAAAIBRAA7\" class=\"aux-attachment aux-featured-image attachment-636.66666666667x394.73333333333 aux-attachment-id-387  aux-preload aux-blank\" alt=\"thumbnail_15111\" data-ratio=\"1.61\" data-original-w=\"732\" sizes=\"auto\" data-srcset=\"https:\/\/www.hdaksu.com\/wp-content\/uploads\/2023\/01\/thumbnail_15111-150x93.jpeg 150w,https:\/\/www.hdaksu.com\/wp-content\/uploads\/2023\/01\/thumbnail_15111-300x186.jpeg 300w,https:\/\/www.hdaksu.com\/wp-content\/uploads\/2023\/01\/thumbnail_15111-637x395.jpeg 637w,https:\/\/www.hdaksu.com\/wp-content\/uploads\/2023\/01\/thumbnail_15111-722x447.jpeg 722w\" data-src=\"https:\/\/www.hdaksu.com\/wp-content\/uploads\/2023\/01\/thumbnail_15111-637x395.jpeg\" \/><\/a><\/div><\/div>\n                            \n                            <div class=\"entry-main\">\n                                                                                        \n                                <div class=\"entry-info\">\n                                                                    <div class=\"entry-date\">\n                                        <a href=\"https:\/\/www.hdaksu.com\/en\/sinapi-biomedical-urunleri-ile-ilgili-egitim-calismalari-yapildi\/\">\n                                            <time datetime=\"2015-06-01T17:50:00+00:00\" title=\"2015-06-01T17:50:00+00:00\" >June 1, 2015<\/time>\n                                        <\/a>\n                                    <\/div>\n                                                                                                                                    <span class=\"entry-tax\">\n                                        <a href=\"https:\/\/www.hdaksu.com\/en\/category\/haberler\/\" title=\"View all posts in Haberler\" rel=\"category\" data-no-translation-title=\"\" >News<\/a>                                    <\/span>\n                                                                                                                                            <\/div>\n                            \n                                <header class=\"entry-header\">\n                                \n                                    <h4 class=\"entry-title\">\n                                        <a href=\"https:\/\/www.hdaksu.com\/en\/sinapi-biomedical-urunleri-ile-ilgili-egitim-calismalari-yapildi\/\">\n                                            SINAPI Biomedical \u00fcr\u00fcnleri ile ilgili E\u011fitim \u00c7al\u0131\u015fmalar\u0131 yap\u0131ld\u0131.                                        <\/a>\n                                    <\/h4>\n                                                                    <div class=\"entry-format\">\n                                        <a href=\"https:\/\/www.hdaksu.com\/en\/sinapi-biomedical-urunleri-ile-ilgili-egitim-calismalari-yapildi\/\">\n                                            <div class=\"post-format format-\"> <\/div>\n                                        <\/a>\n                                    <\/div>\n                                <\/header>\n                            \n                                                            <div class=\"entry-content\">\n                                                                            <p>SINAPI Biomedical taraf\u0131ndan \u00fcretilen \u00fcr\u00fcnlerin e\u011fitimleri Bay Chris de Villiers taraf\u0131ndan verildi.<\/p><div class=\"clear\"><\/div>                                <\/div>\n                                                                                        <footer class=\"entry-meta aux-after-content\">\n                                                                        <div class=\"readmore\">\n                                        <a href=\"https:\/\/www.hdaksu.com\/en\/sinapi-biomedical-urunleri-ile-ilgili-egitim-calismalari-yapildi\/\" class=\"aux-read-more\"><span class=\"aux-read-more-text\">Read More<\/span><\/a>\n                                    <\/div>\n                                                                        <div class=\"comments-iconic\">\n                                                                            <\/div>\n                                                                    <\/footer>\n                            \n                            <\/div>\n\n                        <\/article>\n<\/div><\/div><\/section><!-- widget-container -->\t\t<\/div>\n\t\t\t\t<\/div>\n\t\t\t\t\t\t<\/div>\n\t\t\t\t\t<\/div>\n\t\t<\/div>\n\t\t\t\t\t\t\t\t<\/div>\n\t\t\t\t\t<\/div>\n\t\t<\/section>\n\t\t\t\t\t\t\t\t\t<\/div>\n\t\t\t<\/div>\n\t\t\t\t\t<\/div>","protected":false},"excerpt":{"rendered":"<p>February 3, 2021 Allergies | Edit Preparing for COVID-19 vaccinations in Europe This may also work against the food\u2019s desirability, according to Hagen. These feelings may unconsciously prompt us to think of such foods as tasting too good t &#8230; Read More February 3, 2021 Cancer | Edit 65 million injection devices ordered This may [&hellip;]<\/p>","protected":false},"author":1,"featured_media":0,"parent":0,"menu_order":0,"comment_status":"closed","ping_status":"closed","template":"templates\/page-builder-content.php","meta":{"_themeisle_gutenberg_block_has_review":false},"_links":{"self":[{"href":"https:\/\/www.hdaksu.com\/en\/wp-json\/wp\/v2\/pages\/77"}],"collection":[{"href":"https:\/\/www.hdaksu.com\/en\/wp-json\/wp\/v2\/pages"}],"about":[{"href":"https:\/\/www.hdaksu.com\/en\/wp-json\/wp\/v2\/types\/page"}],"author":[{"embeddable":true,"href":"https:\/\/www.hdaksu.com\/en\/wp-json\/wp\/v2\/users\/1"}],"replies":[{"embeddable":true,"href":"https:\/\/www.hdaksu.com\/en\/wp-json\/wp\/v2\/comments?post=77"}],"version-history":[{"count":0,"href":"https:\/\/www.hdaksu.com\/en\/wp-json\/wp\/v2\/pages\/77\/revisions"}],"wp:attachment":[{"href":"https:\/\/www.hdaksu.com\/en\/wp-json\/wp\/v2\/media?parent=77"}],"curies":[{"name":"wp","href":"https:\/\/api.w.org\/{rel}","templated":true}]}}