{"id":133,"date":"2022-12-21T18:11:31","date_gmt":"2022-12-21T18:11:31","guid":{"rendered":"http:\/\/www.hdaksu.com\/?post_type=product&#038;p=133"},"modified":"2023-01-16T18:54:55","modified_gmt":"2023-01-16T18:54:55","slug":"bact-petri-dish-35x10mm-easy-grip-style","status":"publish","type":"product","link":"https:\/\/www.hdaksu.com\/en\/product\/bact-petri-dish-35x10mm-easy-grip-style\/","title":{"rendered":"Falcon\u00ae 1008 BACT. PETRI  DISH 35x10MM EASY-GR\u0130P STYLE"},"content":{"rendered":"<p>Falcon\u00ae 35mm Bacteriological Petri Dish with Easy-Grip design, not treated polystyrene, 20\/pack, 500\/case<\/p>\n<ul>\n<li>Durable construction for stable dish manipulation<\/li>\n<li>Crystal-grade, virgin polystyrene for optical clarity<\/li>\n<\/ul>\n<p>&nbsp;<\/p>\n<table>\n<tbody>\n<tr>\n<td>\u00dcr\u00fcn Numaras\u0131<\/td>\n<td>351008<\/td>\n<\/tr>\n<tr>\n<td>Qty.\/Pk<\/td>\n<td>20\/Pk<\/td>\n<\/tr>\n<tr>\n<td>Qty.\/Cs<\/td>\n<td>500\/Cs<\/td>\n<\/tr>\n<tr>\n<td>Brand<\/td>\n<td>Falcon\u00ae<\/td>\n<\/tr>\n<tr>\n<td>Dish Style<\/td>\n<td>Petri<\/td>\n<\/tr>\n<tr>\n<td>Petri Dish Style<\/td>\n<td>35 mm x 10 mm<\/td>\n<\/tr>\n<tr>\n<td>Surface Treatment<\/td>\n<td>Not Treated<\/td>\n<\/tr>\n<tr>\n<td>Cell Growth Area<\/td>\n<td>11.78 cm\u00b2<\/td>\n<\/tr>\n<tr>\n<td>Diameter<\/td>\n<td>35 mm<\/td>\n<\/tr>\n<tr>\n<td>O.D.<\/td>\n<td>40.28 mm<\/td>\n<\/tr>\n<tr>\n<td>Application<\/td>\n<td>Environmental and Water Testing Food and Beverage Testing Pharmaceutical Quality Control and Life Sciences<\/td>\n<\/tr>\n<\/tbody>\n<\/table>","protected":false},"excerpt":{"rendered":"<p>Falcon\u00ae 35mm Bacteriological Petri Dish with Easy-Grip design, not treated polystyrene, 20\/pack, 500\/case Durable construction for stable dish manipulation Crystal-grade, virgin polystyrene for optical clarity &nbsp; \u00dcr\u00fcn Numaras\u0131 351008 Qty.\/Pk 20\/Pk Qty.\/Cs 500\/Cs Brand Falcon\u00ae Dish Style Petri Petri Dish Style 35 mm x 10 mm Surface Treatment Not Treated Cell Growth Area 11.78 cm\u00b2 [&hellip;]<\/p>","protected":false},"featured_media":134,"template":"","meta":{"_themeisle_gutenberg_block_has_review":false},"product_cat":[25],"product_tag":[],"_links":{"self":[{"href":"https:\/\/www.hdaksu.com\/en\/wp-json\/wp\/v2\/product\/133"}],"collection":[{"href":"https:\/\/www.hdaksu.com\/en\/wp-json\/wp\/v2\/product"}],"about":[{"href":"https:\/\/www.hdaksu.com\/en\/wp-json\/wp\/v2\/types\/product"}],"wp:featuredmedia":[{"embeddable":true,"href":"https:\/\/www.hdaksu.com\/en\/wp-json\/wp\/v2\/media\/134"}],"wp:attachment":[{"href":"https:\/\/www.hdaksu.com\/en\/wp-json\/wp\/v2\/media?parent=133"}],"wp:term":[{"taxonomy":"product_cat","embeddable":true,"href":"https:\/\/www.hdaksu.com\/en\/wp-json\/wp\/v2\/product_cat?post=133"},{"taxonomy":"product_tag","embeddable":true,"href":"https:\/\/www.hdaksu.com\/en\/wp-json\/wp\/v2\/product_tag?post=133"}],"curies":[{"name":"wp","href":"https:\/\/api.w.org\/{rel}","templated":true}]}}