{"id":135,"date":"2022-12-21T18:26:19","date_gmt":"2022-12-21T18:26:19","guid":{"rendered":"http:\/\/www.hdaksu.com\/?post_type=product&#038;p=135"},"modified":"2023-01-16T18:54:25","modified_gmt":"2023-01-16T18:54:25","slug":"falcon-100-mm-x-15-mm-not-tc-treated-bacteriological-petri-dish-20-pack-500-case-sterile","status":"publish","type":"product","link":"https:\/\/www.hdaksu.com\/en\/product\/falcon-100-mm-x-15-mm-not-tc-treated-bacteriological-petri-dish-20-pack-500-case-sterile\/","title":{"rendered":"Falcon\u00ae 1029 100 mm x 15 mm Not TC-treated Bacteriological Petri Dish, 20\/Pack, 500\/Case, Sterile"},"content":{"rendered":"<p>Falcon\u00ae 100mm x 15mm Standard Style Bacteriological Petri Dish, not treated polystyrene, 20\/pack, 500\/case, sterile<\/p>\n<ul>\n<li>Durable construction for stable dish manipulation<\/li>\n<li>Crystal-grade, virgin polystyrene for optical clarity<\/li>\n<\/ul>\n<p>&nbsp;<\/p>\n<table>\n<tbody>\n<tr>\n<td>\u00dcr\u00fcn Numaras\u0131<\/td>\n<td>351029<\/td>\n<\/tr>\n<tr>\n<td>Qty.\/Pk<\/td>\n<td>\u00a020\/Pk<\/td>\n<\/tr>\n<tr>\n<td>Qty.\/Cs<\/td>\n<td>500\/Cs<\/td>\n<\/tr>\n<tr>\n<td>Brand<\/td>\n<td>Falcon\u00ae<\/td>\n<\/tr>\n<tr>\n<td>Dish Style<\/td>\n<td>Petri<\/td>\n<\/tr>\n<tr>\n<td>Petri Dish Style<\/td>\n<td>\u00a0100 mm x 15 mm<\/td>\n<\/tr>\n<tr>\n<td>Surface Treatment<\/td>\n<td>Not Treated<\/td>\n<\/tr>\n<tr>\n<td>Cell Growth Area<\/td>\n<td>56.5\u00a0cm\u00b2<\/td>\n<\/tr>\n<tr>\n<td>Diameter<\/td>\n<td>100\u00a0mm<\/td>\n<\/tr>\n<tr>\n<td>O.D.<\/td>\n<td>87.91\u00a0mm<\/td>\n<\/tr>\n<tr>\n<td>Application<\/td>\n<td>Environmental and Water Testing\u00a0Food and Beverage Testing\u00a0Pharmaceutical Quality Control and Life Sciences<\/td>\n<\/tr>\n<\/tbody>\n<\/table>","protected":false},"excerpt":{"rendered":"<p>Falcon\u00ae 100mm x 15mm Standard Style Bacteriological Petri Dish, not treated polystyrene, 20\/pack, 500\/case, sterile Durable construction for stable dish manipulation Crystal-grade, virgin polystyrene for optical clarity &nbsp; \u00dcr\u00fcn Numaras\u0131 351029 Qty.\/Pk \u00a020\/Pk Qty.\/Cs 500\/Cs Brand Falcon\u00ae Dish Style Petri Petri Dish Style \u00a0100 mm x 15 mm Surface Treatment Not Treated Cell Growth Area [&hellip;]<\/p>","protected":false},"featured_media":136,"template":"","meta":{"_themeisle_gutenberg_block_has_review":false},"product_cat":[25],"product_tag":[],"_links":{"self":[{"href":"https:\/\/www.hdaksu.com\/en\/wp-json\/wp\/v2\/product\/135"}],"collection":[{"href":"https:\/\/www.hdaksu.com\/en\/wp-json\/wp\/v2\/product"}],"about":[{"href":"https:\/\/www.hdaksu.com\/en\/wp-json\/wp\/v2\/types\/product"}],"wp:featuredmedia":[{"embeddable":true,"href":"https:\/\/www.hdaksu.com\/en\/wp-json\/wp\/v2\/media\/136"}],"wp:attachment":[{"href":"https:\/\/www.hdaksu.com\/en\/wp-json\/wp\/v2\/media?parent=135"}],"wp:term":[{"taxonomy":"product_cat","embeddable":true,"href":"https:\/\/www.hdaksu.com\/en\/wp-json\/wp\/v2\/product_cat?post=135"},{"taxonomy":"product_tag","embeddable":true,"href":"https:\/\/www.hdaksu.com\/en\/wp-json\/wp\/v2\/product_tag?post=135"}],"curies":[{"name":"wp","href":"https:\/\/api.w.org\/{rel}","templated":true}]}}