{"id":150,"date":"2022-12-21T19:40:03","date_gmt":"2022-12-21T19:40:03","guid":{"rendered":"http:\/\/www.hdaksu.com\/?post_type=product&#038;p=150"},"modified":"2023-01-16T18:47:46","modified_gmt":"2023-01-16T18:47:46","slug":"falcon-5-ml-round-bottom-polystyrene-test-tube-with-snap-cap-sterile-25-pack-500-case","status":"publish","type":"product","link":"https:\/\/www.hdaksu.com\/en\/product\/falcon-5-ml-round-bottom-polystyrene-test-tube-with-snap-cap-sterile-25-pack-500-case\/","title":{"rendered":"Falcon\u00ae 2058 5 mL Round Bottom Polystyrene Test Tube, with Snap Cap, Sterile, 25\/Pack, 500\/Case"},"content":{"rendered":"<p>Falcon\u00ae 5 mL Round Bottom Polystyrene Test Tube, with Snap Cap, Sterile, 25\/Pack, 500\/Case, 1,400 RCF rating. These tubes come with polyethylene dual-position snap caps, which offer both vented and fully closed positions. The sterile tubes are sold 25 per pack and 500 per case. RNase\/DNase-free.<\/p>\n<ul>\n<li>Widely used and referenced in laboratory protocols<\/li>\n<li>Dual position snap-cap prevents sample loss with ease of handling<\/li>\n<li>Sterile, nonpyrogenicity tested to less than 0.1 EU\/ mL,<\/li>\n<\/ul>\n<p>&nbsp;<\/p>\n<table>\n<tbody>\n<tr>\n<td>\u00dcr\u00fcn Numaras\u0131<\/td>\n<td>352058<\/td>\n<\/tr>\n<tr>\n<td>Qty.\/Pk<\/td>\n<td>25\/Pk<\/td>\n<\/tr>\n<tr>\n<td>Qty.\/Cs<\/td>\n<td>500\/Cs<\/td>\n<\/tr>\n<tr>\n<td>Brand<\/td>\n<td>Falcon\u00ae<\/td>\n<\/tr>\n<tr>\n<td>Tube Style<\/td>\n<td>Test<\/td>\n<\/tr>\n<tr>\n<td>Cap Color<\/td>\n<td>Natural<\/td>\n<\/tr>\n<tr>\n<td>Graduations<\/td>\n<td>No<\/td>\n<\/tr>\n<tr>\n<td>Capacity<\/td>\n<td>5\u00a0mL<\/td>\n<\/tr>\n<tr>\n<td>O.D.<\/td>\n<td>\u00a012\u00a0mm<\/td>\n<\/tr>\n<\/tbody>\n<\/table>\n<p>&nbsp;<\/p>","protected":false},"excerpt":{"rendered":"<p>Falcon\u00ae 5 mL Round Bottom Polystyrene Test Tube, with Snap Cap, Sterile, 25\/Pack, 500\/Case, 1,400 RCF rating. These tubes come with polyethylene dual-position snap caps, which offer both vented and fully closed positions. The sterile tubes are sold 25 per pack and 500 per case. RNase\/DNase-free. Widely used and referenced in laboratory protocols Dual position [&hellip;]<\/p>","protected":false},"featured_media":143,"template":"","meta":{"_themeisle_gutenberg_block_has_review":false},"product_cat":[26],"product_tag":[],"_links":{"self":[{"href":"https:\/\/www.hdaksu.com\/en\/wp-json\/wp\/v2\/product\/150"}],"collection":[{"href":"https:\/\/www.hdaksu.com\/en\/wp-json\/wp\/v2\/product"}],"about":[{"href":"https:\/\/www.hdaksu.com\/en\/wp-json\/wp\/v2\/types\/product"}],"wp:featuredmedia":[{"embeddable":true,"href":"https:\/\/www.hdaksu.com\/en\/wp-json\/wp\/v2\/media\/143"}],"wp:attachment":[{"href":"https:\/\/www.hdaksu.com\/en\/wp-json\/wp\/v2\/media?parent=150"}],"wp:term":[{"taxonomy":"product_cat","embeddable":true,"href":"https:\/\/www.hdaksu.com\/en\/wp-json\/wp\/v2\/product_cat?post=150"},{"taxonomy":"product_tag","embeddable":true,"href":"https:\/\/www.hdaksu.com\/en\/wp-json\/wp\/v2\/product_tag?post=150"}],"curies":[{"name":"wp","href":"https:\/\/api.w.org\/{rel}","templated":true}]}}