{"id":152,"date":"2022-12-21T19:48:21","date_gmt":"2022-12-21T19:48:21","guid":{"rendered":"http:\/\/www.hdaksu.com\/?post_type=product&#038;p=152"},"modified":"2023-01-16T18:52:35","modified_gmt":"2023-01-16T18:52:35","slug":"falcon-5-ml-round-bottom-high-clarity-pp-test-tube-with-snap-cap-sterile-25-pack-500-case","status":"publish","type":"product","link":"https:\/\/www.hdaksu.com\/en\/product\/falcon-5-ml-round-bottom-high-clarity-pp-test-tube-with-snap-cap-sterile-25-pack-500-case\/","title":{"rendered":"Falcon\u00ae 2063 5 mL Round Bottom High Clarity PP Test Tube, with Snap Cap, Sterile, 25\/Pack, 500\/Case"},"content":{"rendered":"<p>Falcon\u00ae 12x75mm, 5 mL high-clarity polypropylene (PP) round bottom test tubes have a 3,000 RCF rating. The tubes come with polyethylene dual-position snap caps, which offer both vented and fully closed positions. The sterile tubes are sold 25 to a pack and 500 to a case. RNase\/DNase-free.<\/p>\n<ul>\n<li>Widely used and referenced in laboratory protocols<\/li>\n<li>Dual position snap-cap prevents sample loss with ease of handling<\/li>\n<li>Sterile, nonpyrogenicity tested to less than 0.1 EU\/ mL<\/li>\n<\/ul>\n<p>&nbsp;<\/p>\n<table>\n<tbody>\n<tr>\n<td>\u00dcr\u00fcn Numaras\u0131<\/td>\n<td>352063<\/td>\n<\/tr>\n<tr>\n<td>Qty.\/Pk<\/td>\n<td>25\/Pk<\/td>\n<\/tr>\n<tr>\n<td>Qty.\/Cs<\/td>\n<td>500\/Cs<\/td>\n<\/tr>\n<tr>\n<td>Brand<\/td>\n<td>Falcon\u00ae<\/td>\n<\/tr>\n<tr>\n<td>Tube Style<\/td>\n<td>Test<\/td>\n<\/tr>\n<tr>\n<td>Cap Color<\/td>\n<td>Natural<\/td>\n<\/tr>\n<tr>\n<td>Graduations<\/td>\n<td>No<\/td>\n<\/tr>\n<tr>\n<td>Capacity<\/td>\n<td>5\u00a0mL<\/td>\n<\/tr>\n<tr>\n<td>Sterile<\/td>\n<td>Yes<\/td>\n<\/tr>\n<tr>\n<td>O.D.<\/td>\n<td>\u00a012\u00a0mm<\/td>\n<\/tr>\n<tr>\n<td>Product Material<\/td>\n<td>Polystyrene<\/td>\n<\/tr>\n<tr>\n<td>Application<\/td>\n<td>Diagnostics<\/td>\n<\/tr>\n<\/tbody>\n<\/table>\n<p>&nbsp;<\/p>","protected":false},"excerpt":{"rendered":"<p>Falcon\u00ae 12x75mm, 5 mL high-clarity polypropylene (PP) round bottom test tubes have a 3,000 RCF rating. The tubes come with polyethylene dual-position snap caps, which offer both vented and fully closed positions. The sterile tubes are sold 25 to a pack and 500 to a case. RNase\/DNase-free. Widely used and referenced in laboratory protocols Dual [&hellip;]<\/p>","protected":false},"featured_media":143,"template":"","meta":{"_themeisle_gutenberg_block_has_review":false},"product_cat":[26],"product_tag":[],"_links":{"self":[{"href":"https:\/\/www.hdaksu.com\/en\/wp-json\/wp\/v2\/product\/152"}],"collection":[{"href":"https:\/\/www.hdaksu.com\/en\/wp-json\/wp\/v2\/product"}],"about":[{"href":"https:\/\/www.hdaksu.com\/en\/wp-json\/wp\/v2\/types\/product"}],"wp:featuredmedia":[{"embeddable":true,"href":"https:\/\/www.hdaksu.com\/en\/wp-json\/wp\/v2\/media\/143"}],"wp:attachment":[{"href":"https:\/\/www.hdaksu.com\/en\/wp-json\/wp\/v2\/media?parent=152"}],"wp:term":[{"taxonomy":"product_cat","embeddable":true,"href":"https:\/\/www.hdaksu.com\/en\/wp-json\/wp\/v2\/product_cat?post=152"},{"taxonomy":"product_tag","embeddable":true,"href":"https:\/\/www.hdaksu.com\/en\/wp-json\/wp\/v2\/product_tag?post=152"}],"curies":[{"name":"wp","href":"https:\/\/api.w.org\/{rel}","templated":true}]}}