{"id":434,"date":"2023-01-07T18:55:53","date_gmt":"2023-01-07T18:55:53","guid":{"rendered":"https:\/\/www.hdaksu.com\/?post_type=product&#038;p=434"},"modified":"2023-01-07T18:55:53","modified_gmt":"2023-01-07T18:55:53","slug":"makler-sperm-sayma-kamerasi","status":"publish","type":"product","link":"https:\/\/www.hdaksu.com\/en\/product\/makler-sperm-sayma-kamerasi\/","title":{"rendered":"Makler\u00ae Sperm Sayma Kameras\u0131"},"content":{"rendered":"<p>Makler\u00ae Sayma Diskinin derinli\u011fi 10 mikrondur: \u00a0Optik olarak d\u00fcz iki par\u00e7a camdan meydana gelir. \u00dcst cam kapak g\u00f6revi g\u00f6rmekte olup merkezinde her biri 0,1 x 0,1 mm\u2019lik 100 kareye b\u00f6l\u00fcnm\u00fc\u015f 1 mm2 lik ince k\u0131lavuz \u00e7izgiler bulunmaktad\u0131r. Aradaki bo\u015fluk kuvars pimlerle sa\u011flam olarak sabitlenmi\u015ftir.<\/p>\n<p>\u0130yice s\u0131v\u0131la\u015fm\u0131\u015f ve kar\u0131\u015ft\u0131r\u0131lm\u0131\u015f, seyreltilmemi\u015f semenden k\u00fc\u00e7\u00fck bir damla al\u0131narak diskin merkezine konulur ve \u00fczeri ne kapama cam\u0131 kapat\u0131larak Mikroskop alt\u0131nda 20 lik objektif ile say\u0131m yap\u0131l\u0131r.<\/p>\n<p>Do\u011fru bir say\u0131m i\u00e7in \u00f6nce semenin iyice s\u0131v\u0131la\u015fmas\u0131 gerekir.\u00a0 Ard\u0131ndan \u00f6rnekten k\u00fc\u00e7\u00fck bir damla al\u0131narak diske yerle\u015ftirilir ve say\u0131m yap\u0131l\u0131r. Yukar\u0131dan a\u015fa\u011f\u0131ya yada soldan sa\u011fa yan yana\u00a0 on karelik bir alan i\u00e7indeki spermler say\u0131l\u0131r. Bulunan say\u0131 mL&#8217;de ka\u00e7 milyon sperm oldu\u011funu g\u00f6sterir. Oligospermik semenlerde t\u00fcm k\u0131lavuz alan i\u00e7indeki spermler say\u0131l\u0131r, bulunan rakam mL&#8217;de ka\u00e7 y\u00fcz bin sperm oldu\u011funu g\u00f6sterir. Kullan\u0131mdan sonra suyla iyice y\u0131kad\u0131ktan sonra temas y\u00fczeyleri \u00f6zel mercek ka\u011f\u0131d\u0131 ile kurulan\u0131r ve tekrar kullan\u0131m i\u00e7in haz\u0131r hale getirilir.<\/p>\n<p>&nbsp;<\/p>\n<p><strong>Avantajlar: <\/strong><\/p>\n<p>1. Spermatozoalar homojen ve tek kat olarak da\u011f\u0131l\u0131r ve tek bir fokal d\u00fczlemde g\u00f6zlemlenir.<\/p>\n<p>2. Semen numuneleri seyreltilmeden do\u011frudan orijinal \u00f6rnekten analiz yap\u0131l\u0131r.<\/p>\n<p>3. T\u00fcm spermatozoalar\u0131n s\u00fcrt\u00fcnmesiz yatay hareketleri sabit \u015fartlar alt\u0131nda incelenirler ve de\u011ferlendirilir.<\/p>\n<p>4. Normal hemositometrik tekni\u011fin gerektirdi\u011fi bir\u00e7ok ad\u0131m\u0131n elenmesi\u00a0 ve her seferinde ayn\u0131 \u015fartlar alt\u0131nda motilitenin inceleniyor olmas\u0131 do\u011fruluk derecesini art\u0131r\u0131r.<\/p>\n<p>5. Semen analizinde kullan\u0131lan objektifin alan derinli\u011fine yakla\u015f\u0131k olarak uydu\u011fu i\u00e7in 10 mikron derinli\u011findeki Makler Diski sabit veya hareketli kamera fotomikrografisi i\u00e7in idealdir.<\/p>\n<p>6. Disk kolay ve \u00e7abuk bir \u015fekilde tekrar kullan\u0131ma haz\u0131rlanabilir. Yo\u011fun bir laboratuarda, asgari teknik ve malzeme kullan\u0131larak, tek bir teknisyen taraf\u0131ndan bir saatte \u00e7ok say\u0131da test yap\u0131labilir.<\/p>","protected":false},"excerpt":{"rendered":"<p>Makler\u00ae Sayma Diskinin derinli\u011fi 10 mikrondur: \u00a0Optik olarak d\u00fcz iki par\u00e7a camdan meydana gelir. \u00dcst cam kapak g\u00f6revi g\u00f6rmekte olup merkezinde her biri 0,1 x 0,1 mm\u2019lik 100 kareye b\u00f6l\u00fcnm\u00fc\u015f 1 mm2 lik ince k\u0131lavuz \u00e7izgiler bulunmaktad\u0131r. Aradaki bo\u015fluk kuvars pimlerle sa\u011flam olarak sabitlenmi\u015ftir. \u0130yice s\u0131v\u0131la\u015fm\u0131\u015f ve kar\u0131\u015ft\u0131r\u0131lm\u0131\u015f, seyreltilmemi\u015f semenden k\u00fc\u00e7\u00fck bir damla al\u0131narak diskin [&hellip;]<\/p>","protected":false},"featured_media":435,"template":"","meta":{"_themeisle_gutenberg_block_has_review":false},"product_cat":[45],"product_tag":[],"_links":{"self":[{"href":"https:\/\/www.hdaksu.com\/en\/wp-json\/wp\/v2\/product\/434"}],"collection":[{"href":"https:\/\/www.hdaksu.com\/en\/wp-json\/wp\/v2\/product"}],"about":[{"href":"https:\/\/www.hdaksu.com\/en\/wp-json\/wp\/v2\/types\/product"}],"wp:featuredmedia":[{"embeddable":true,"href":"https:\/\/www.hdaksu.com\/en\/wp-json\/wp\/v2\/media\/435"}],"wp:attachment":[{"href":"https:\/\/www.hdaksu.com\/en\/wp-json\/wp\/v2\/media?parent=434"}],"wp:term":[{"taxonomy":"product_cat","embeddable":true,"href":"https:\/\/www.hdaksu.com\/en\/wp-json\/wp\/v2\/product_cat?post=434"},{"taxonomy":"product_tag","embeddable":true,"href":"https:\/\/www.hdaksu.com\/en\/wp-json\/wp\/v2\/product_tag?post=434"}],"curies":[{"name":"wp","href":"https:\/\/api.w.org\/{rel}","templated":true}]}}