{"id":487,"date":"2023-01-07T20:19:38","date_gmt":"2023-01-07T20:19:38","guid":{"rendered":"https:\/\/www.hdaksu.com\/?post_type=product&#038;p=487"},"modified":"2023-01-07T20:19:39","modified_gmt":"2023-01-07T20:19:39","slug":"diff-quick-boya-seti","status":"publish","type":"product","link":"https:\/\/www.hdaksu.com\/en\/product\/diff-quick-boya-seti\/","title":{"rendered":"Diff Quick Boya Seti"},"content":{"rendered":"<p><strong>Diff Quick Boya Seti Nedir?<\/strong><br \/>\nDiff quick boya seti kan elementlerinin farkl\u0131land\u0131rlacak \u015fekilde boyanabilmesine olanak sa\u011flayan bir \u00e7abuk boyama y\u00f6ntemi olarak kullan\u0131m\u0131 yap\u0131lan \u00fcr\u00fcnd\u00fcr. Ayr\u0131ca havada kurutulan di\u011fer yayma i\u015flem ve \u00f6rnekleri i\u00e7in de kullan\u0131labilen \u00fcr\u00fcnd\u00fcr.<\/p>\n<p>&nbsp;<\/p>\n<p><strong>Diff Quick Boya Seti \u0130\u00e7erisinde Neler Vard\u0131r?<\/strong><br \/>\n500ml Fiksatif A \u00c7\u00f6zeltisi vard\u0131r.<br \/>\n500ml Eosin B \u00c7\u00f6zeltisi vard\u0131r.<br \/>\n500ml Thiazine C \u00c7\u00f6zeltisi vard\u0131r.<\/p>","protected":false},"excerpt":{"rendered":"<p>Diff Quick Boya Seti Nedir? Diff quick boya seti kan elementlerinin farkl\u0131land\u0131rlacak \u015fekilde boyanabilmesine olanak sa\u011flayan bir \u00e7abuk boyama y\u00f6ntemi olarak kullan\u0131m\u0131 yap\u0131lan \u00fcr\u00fcnd\u00fcr. Ayr\u0131ca havada kurutulan di\u011fer yayma i\u015flem ve \u00f6rnekleri i\u00e7in de kullan\u0131labilen \u00fcr\u00fcnd\u00fcr. &nbsp; Diff Quick Boya Seti \u0130\u00e7erisinde Neler Vard\u0131r? 500ml Fiksatif A \u00c7\u00f6zeltisi vard\u0131r. 500ml Eosin B \u00c7\u00f6zeltisi vard\u0131r. 500ml [&hellip;]<\/p>","protected":false},"featured_media":488,"template":"","meta":{"_themeisle_gutenberg_block_has_review":false},"product_cat":[49],"product_tag":[],"_links":{"self":[{"href":"https:\/\/www.hdaksu.com\/en\/wp-json\/wp\/v2\/product\/487"}],"collection":[{"href":"https:\/\/www.hdaksu.com\/en\/wp-json\/wp\/v2\/product"}],"about":[{"href":"https:\/\/www.hdaksu.com\/en\/wp-json\/wp\/v2\/types\/product"}],"wp:featuredmedia":[{"embeddable":true,"href":"https:\/\/www.hdaksu.com\/en\/wp-json\/wp\/v2\/media\/488"}],"wp:attachment":[{"href":"https:\/\/www.hdaksu.com\/en\/wp-json\/wp\/v2\/media?parent=487"}],"wp:term":[{"taxonomy":"product_cat","embeddable":true,"href":"https:\/\/www.hdaksu.com\/en\/wp-json\/wp\/v2\/product_cat?post=487"},{"taxonomy":"product_tag","embeddable":true,"href":"https:\/\/www.hdaksu.com\/en\/wp-json\/wp\/v2\/product_tag?post=487"}],"curies":[{"name":"wp","href":"https:\/\/api.w.org\/{rel}","templated":true}]}}